{"id":7899,"date":"2024-07-08T17:23:20","date_gmt":"2024-07-08T17:23:20","guid":{"rendered":"https:\/\/rinicompany.com\/?page_id=7899"},"modified":"2024-07-10T10:41:22","modified_gmt":"2024-07-10T10:41:22","slug":"investerare","status":"publish","type":"page","link":"https:\/\/rinicompany.com\/sv\/investerare\/","title":{"rendered":"Investerare"},"content":{"rendered":"<p>V\u00e4lkommen till Rini Ergotekniks sidor f\u00f6r investerare. H\u00e4r hittar du all offentliggjord finansiell information och annat som underl\u00e4ttar f\u00f6r dig som investerare.<\/p>\n<p>Kontaktperson \u00e4r VD Lars Svensson<\/p>\n<p>investor@rini.se<\/p>\n<h4><strong>Finansiella rapporter<\/strong><\/h4>\n\n            <script>        \n                if(!window._MF) {\n                    let b = document.createElement(\"script\");\n                    b.type = \"text\/javascript\";\n                    b.async = true;\n                    b.src =  \"https:\/\/widget.datablocks.se\/api\/rose\/assets\/js\/loader-v4.js\";\n                    document.getElementsByTagName(\"body\")[0].appendChild(b);\n    \n                    window._MF = window._MF || {\n                        data: [],\n                        url: \"https:\/\/widget.datablocks.se\/api\/rose\",\n                        ready: !!0,\n                        render: function() {\n                            window._MF.ready = !0\n                        },\n                        push: function(conf) {\n                            this.data.push(conf);\n                        }\n                    }\n                }\n                window._MF.push({\"query\":\"#archive-wrapper-1024015525\",\"widget\":\"archive\",\"token\":\"2dd28a77-049e-4714-8c4b-d884fb563708\",\"locale\":\"sv\"})\n            <\/script>\n            <div id=\"archive-wrapper-1024015525\" class=\"mfn-archive\"><\/div>\n<h4><strong>Pressmeddelanden<\/strong><\/h4>\n<div class=\"mfn-newsfeed\"><form method=\"GET\" id=\"mfn-filter-form\"><div class=\"mfn-filter-container\"><div class=\"mfn-newsfeed-category-selector\"><script>\n                    function filterByCategory(e)\n                    {\n                        var type = e.getAttribute(\"filtertype\");\n                        var instance_id = document.getElementById(\"instance_id\").value;\n                        var q = document.getElementById(\"current_category_query\").value;\n                        if (type === \"dropdown\") {\n                            var el = document.getElementById(\"mfn-category-filter-\"  + instance_id);\n                            if (e.value !== \"\") q += \"&m-tags=\" + e.value;\n                            el.value = document.getElementById(\"category_tag\").value;\n                        } else if (type === \"buttons\") {\n                            if (e.value !== \"\") q += \"&m-tags=\" + e.value;\n                        }\n                        window.location.href = q;\n                        return false;\n                    }\n                 <\/script>\n                 <label for=\"mfn-category-filter-1687323683\" class=\"mfn-category-label\">Kategori<\/label><select name=\"mfn-category-filter\" id=\"mfn-category-filter-1687323683\" class=\"mfn-category-filter\" filtertype=\"dropdown\" onchange=\"filterByCategory(this);\">  <option value=\"\" selected>Alla<\/option>  <option value=\"regulatory\" >Regulatorisk<\/option>  <option value=\"-regulatory\" >Icke-Regulatorisk<\/option> <\/select>  <input type=\"hidden\" id=\"current_category_query\" value=\"?\" \/>  <input type=\"hidden\" id=\"category_tag\" value=\"\" \/><\/div><div class='mfn-newsfeed-year-selector'><\/div><\/div>  <input type=\"hidden\" id=\"instance_id\" value=\"1687323683\" \/><\/form><div class=\"mfn-list\"><\/div><div class='mfn-newsfeed-pagination'><\/div><\/div>\n<h4><strong>Prenumerera<\/strong><\/h4>\n<div class=\"widget widget_mfn_subscription_widget\">\n            <script>        \n                if(!window._MF) {\n                    let b = document.createElement(\"script\");\n                    b.type = \"text\/javascript\";\n                    b.async = true;\n                    b.src =  \"https:\/\/widget.datablocks.se\/api\/rose\/assets\/js\/loader-v4.js\";\n                    document.getElementsByTagName(\"body\")[0].appendChild(b);\n    \n                    window._MF = window._MF || {\n                        data: [],\n                        url: \"https:\/\/widget.datablocks.se\/api\/rose\",\n                        ready: !!0,\n                        render: function() {\n                            window._MF.ready = !0\n                        },\n                        push: function(conf) {\n                            this.data.push(conf);\n                        }\n                    }\n                }\n                window._MF.push({\"query\":\"#subscribe-v2-wrapper-1270893455\",\"widget\":\"subscribe-v2\",\"token\":\"8832db5d-07b5-4065-84bb-0fb9e23f6acf\",\"locale\":\"sv\"})\n            <\/script>\n            <div id=\"subscribe-v2-wrapper-1270893455\" class=\"mfn-subscribe-v2\"><\/div><\/div>\n<p>&nbsp;<\/p>\n<p>&nbsp;<\/p>\n<p>&nbsp;<\/p>\n","protected":false},"excerpt":{"rendered":"<p>V\u00e4lkommen till Rini Ergotekniks sidor f\u00f6r investerare. H\u00e4r hittar du all offentliggjord finansiell information och annat som underl\u00e4ttar f\u00f6r dig som investerare. Kontaktperson \u00e4r VD Lars Svensson investor@rini.se Finansiella rapporter Pressmeddelanden Prenumerera &nbsp; &nbsp; &nbsp;<\/p>\n","protected":false},"author":5,"featured_media":0,"parent":0,"menu_order":0,"comment_status":"closed","ping_status":"closed","template":"","meta":{"_acf_changed":false,"inline_featured_image":false,"footnotes":""},"class_list":["post-7899","page","type-page","status-publish","hentry"],"acf":[],"yoast_head":"<!-- This site is optimized with the Yoast SEO plugin v27.4 - https:\/\/yoast.com\/product\/yoast-seo-wordpress\/ -->\n<title>Investerare - Rini Ergoteknik AB<\/title>\n<meta name=\"description\" content=\"Rini \u00e4r en kvalitetsleverant\u00f6r av ergonomiska, medicintekniska produkter och l\u00f6sningar till sjukhus och specialistkliniker.\" \/>\n<meta name=\"robots\" content=\"index, follow, max-snippet:-1, max-image-preview:large, max-video-preview:-1\" \/>\n<link rel=\"canonical\" href=\"https:\/\/rinicompany.com\/sv\/investerare\/\" \/>\n<meta property=\"og:locale\" content=\"sv_SE\" \/>\n<meta property=\"og:type\" content=\"article\" \/>\n<meta property=\"og:title\" content=\"Investerare - Rini Ergoteknik AB\" \/>\n<meta property=\"og:description\" content=\"Rini \u00e4r en kvalitetsleverant\u00f6r av ergonomiska, medicintekniska produkter och l\u00f6sningar till sjukhus och specialistkliniker.\" \/>\n<meta property=\"og:url\" content=\"https:\/\/rinicompany.com\/sv\/investerare\/\" \/>\n<meta property=\"og:site_name\" content=\"Rini Ergoteknik AB\" \/>\n<meta property=\"article:modified_time\" content=\"2024-07-10T10:41:22+00:00\" \/>\n<meta name=\"twitter:card\" content=\"summary_large_image\" \/>\n<meta name=\"twitter:label1\" content=\"Ber\u00e4knad l\u00e4stid\" \/>\n\t<meta name=\"twitter:data1\" content=\"1 minut\" \/>\n<script type=\"application\/ld+json\" class=\"yoast-schema-graph\">{\"@context\":\"https:\\\/\\\/schema.org\",\"@graph\":[{\"@type\":\"WebPage\",\"@id\":\"https:\\\/\\\/rinicompany.com\\\/sv\\\/investerare\\\/\",\"url\":\"https:\\\/\\\/rinicompany.com\\\/sv\\\/investerare\\\/\",\"name\":\"Investerare - Rini Ergoteknik AB\",\"isPartOf\":{\"@id\":\"https:\\\/\\\/rinicompany.com\\\/sv\\\/#website\"},\"datePublished\":\"2024-07-08T17:23:20+00:00\",\"dateModified\":\"2024-07-10T10:41:22+00:00\",\"description\":\"Rini \u00e4r en kvalitetsleverant\u00f6r av ergonomiska, medicintekniska produkter och l\u00f6sningar till sjukhus och specialistkliniker.\",\"breadcrumb\":{\"@id\":\"https:\\\/\\\/rinicompany.com\\\/sv\\\/investerare\\\/#breadcrumb\"},\"inLanguage\":\"sv-SE\",\"potentialAction\":[{\"@type\":\"ReadAction\",\"target\":[\"https:\\\/\\\/rinicompany.com\\\/sv\\\/investerare\\\/\"]}]},{\"@type\":\"BreadcrumbList\",\"@id\":\"https:\\\/\\\/rinicompany.com\\\/sv\\\/investerare\\\/#breadcrumb\",\"itemListElement\":[{\"@type\":\"ListItem\",\"position\":1,\"name\":\"Home\",\"item\":\"https:\\\/\\\/rinicompany.com\\\/sv\\\/\"},{\"@type\":\"ListItem\",\"position\":2,\"name\":\"Investerare\"}]},{\"@type\":\"WebSite\",\"@id\":\"https:\\\/\\\/rinicompany.com\\\/sv\\\/#website\",\"url\":\"https:\\\/\\\/rinicompany.com\\\/sv\\\/\",\"name\":\"Rini Ergoteknik AB\",\"description\":\"\",\"publisher\":{\"@id\":\"https:\\\/\\\/rinicompany.com\\\/sv\\\/#organization\"},\"potentialAction\":[{\"@type\":\"SearchAction\",\"target\":{\"@type\":\"EntryPoint\",\"urlTemplate\":\"https:\\\/\\\/rinicompany.com\\\/sv\\\/?s={search_term_string}\"},\"query-input\":{\"@type\":\"PropertyValueSpecification\",\"valueRequired\":true,\"valueName\":\"search_term_string\"}}],\"inLanguage\":\"sv-SE\"},{\"@type\":\"Organization\",\"@id\":\"https:\\\/\\\/rinicompany.com\\\/sv\\\/#organization\",\"name\":\"Rini Ergoteknik AB\",\"alternateName\":\"Rini\",\"url\":\"https:\\\/\\\/rinicompany.com\\\/sv\\\/\",\"logo\":{\"@type\":\"ImageObject\",\"inLanguage\":\"sv-SE\",\"@id\":\"https:\\\/\\\/rinicompany.com\\\/sv\\\/#\\\/schema\\\/logo\\\/image\\\/\",\"url\":\"https:\\\/\\\/rinicompany.com\\\/wp-content\\\/uploads\\\/2024\\\/11\\\/RINI-LOGO-2017-color-RGB-Market-424_424.jpg\",\"contentUrl\":\"https:\\\/\\\/rinicompany.com\\\/wp-content\\\/uploads\\\/2024\\\/11\\\/RINI-LOGO-2017-color-RGB-Market-424_424.jpg\",\"width\":424,\"height\":424,\"caption\":\"Rini Ergoteknik AB\"},\"image\":{\"@id\":\"https:\\\/\\\/rinicompany.com\\\/sv\\\/#\\\/schema\\\/logo\\\/image\\\/\"},\"sameAs\":[\"https:\\\/\\\/www.instagram.com\\\/riniergoteknik\",\"https:\\\/\\\/www.youtube.com\\\/channel\\\/UC_BjqYAoFg9a4hBFwZ8f7WQ\"]}]}<\/script>\n<!-- \/ Yoast SEO plugin. -->","yoast_head_json":{"title":"Investerare - Rini Ergoteknik AB","description":"Rini \u00e4r en kvalitetsleverant\u00f6r av ergonomiska, medicintekniska produkter och l\u00f6sningar till sjukhus och specialistkliniker.","robots":{"index":"index","follow":"follow","max-snippet":"max-snippet:-1","max-image-preview":"max-image-preview:large","max-video-preview":"max-video-preview:-1"},"canonical":"https:\/\/rinicompany.com\/sv\/investerare\/","og_locale":"sv_SE","og_type":"article","og_title":"Investerare - Rini Ergoteknik AB","og_description":"Rini \u00e4r en kvalitetsleverant\u00f6r av ergonomiska, medicintekniska produkter och l\u00f6sningar till sjukhus och specialistkliniker.","og_url":"https:\/\/rinicompany.com\/sv\/investerare\/","og_site_name":"Rini Ergoteknik AB","article_modified_time":"2024-07-10T10:41:22+00:00","twitter_card":"summary_large_image","twitter_misc":{"Ber\u00e4knad l\u00e4stid":"1 minut"},"schema":{"@context":"https:\/\/schema.org","@graph":[{"@type":"WebPage","@id":"https:\/\/rinicompany.com\/sv\/investerare\/","url":"https:\/\/rinicompany.com\/sv\/investerare\/","name":"Investerare - Rini Ergoteknik AB","isPartOf":{"@id":"https:\/\/rinicompany.com\/sv\/#website"},"datePublished":"2024-07-08T17:23:20+00:00","dateModified":"2024-07-10T10:41:22+00:00","description":"Rini \u00e4r en kvalitetsleverant\u00f6r av ergonomiska, medicintekniska produkter och l\u00f6sningar till sjukhus och specialistkliniker.","breadcrumb":{"@id":"https:\/\/rinicompany.com\/sv\/investerare\/#breadcrumb"},"inLanguage":"sv-SE","potentialAction":[{"@type":"ReadAction","target":["https:\/\/rinicompany.com\/sv\/investerare\/"]}]},{"@type":"BreadcrumbList","@id":"https:\/\/rinicompany.com\/sv\/investerare\/#breadcrumb","itemListElement":[{"@type":"ListItem","position":1,"name":"Home","item":"https:\/\/rinicompany.com\/sv\/"},{"@type":"ListItem","position":2,"name":"Investerare"}]},{"@type":"WebSite","@id":"https:\/\/rinicompany.com\/sv\/#website","url":"https:\/\/rinicompany.com\/sv\/","name":"Rini Ergoteknik AB","description":"","publisher":{"@id":"https:\/\/rinicompany.com\/sv\/#organization"},"potentialAction":[{"@type":"SearchAction","target":{"@type":"EntryPoint","urlTemplate":"https:\/\/rinicompany.com\/sv\/?s={search_term_string}"},"query-input":{"@type":"PropertyValueSpecification","valueRequired":true,"valueName":"search_term_string"}}],"inLanguage":"sv-SE"},{"@type":"Organization","@id":"https:\/\/rinicompany.com\/sv\/#organization","name":"Rini Ergoteknik AB","alternateName":"Rini","url":"https:\/\/rinicompany.com\/sv\/","logo":{"@type":"ImageObject","inLanguage":"sv-SE","@id":"https:\/\/rinicompany.com\/sv\/#\/schema\/logo\/image\/","url":"https:\/\/rinicompany.com\/wp-content\/uploads\/2024\/11\/RINI-LOGO-2017-color-RGB-Market-424_424.jpg","contentUrl":"https:\/\/rinicompany.com\/wp-content\/uploads\/2024\/11\/RINI-LOGO-2017-color-RGB-Market-424_424.jpg","width":424,"height":424,"caption":"Rini Ergoteknik AB"},"image":{"@id":"https:\/\/rinicompany.com\/sv\/#\/schema\/logo\/image\/"},"sameAs":["https:\/\/www.instagram.com\/riniergoteknik","https:\/\/www.youtube.com\/channel\/UC_BjqYAoFg9a4hBFwZ8f7WQ"]}]}},"_links":{"self":[{"href":"https:\/\/rinicompany.com\/sv\/wp-json\/wp\/v2\/pages\/7899","targetHints":{"allow":["GET"]}}],"collection":[{"href":"https:\/\/rinicompany.com\/sv\/wp-json\/wp\/v2\/pages"}],"about":[{"href":"https:\/\/rinicompany.com\/sv\/wp-json\/wp\/v2\/types\/page"}],"author":[{"embeddable":true,"href":"https:\/\/rinicompany.com\/sv\/wp-json\/wp\/v2\/users\/5"}],"replies":[{"embeddable":true,"href":"https:\/\/rinicompany.com\/sv\/wp-json\/wp\/v2\/comments?post=7899"}],"version-history":[{"count":16,"href":"https:\/\/rinicompany.com\/sv\/wp-json\/wp\/v2\/pages\/7899\/revisions"}],"predecessor-version":[{"id":7926,"href":"https:\/\/rinicompany.com\/sv\/wp-json\/wp\/v2\/pages\/7899\/revisions\/7926"}],"wp:attachment":[{"href":"https:\/\/rinicompany.com\/sv\/wp-json\/wp\/v2\/media?parent=7899"}],"curies":[{"name":"wp","href":"https:\/\/api.w.org\/{rel}","templated":true}]}}