{"id":505,"date":"2019-12-02T07:39:52","date_gmt":"2019-12-02T07:39:52","guid":{"rendered":"http:\/\/rinicompany.wpengine.com\/?page_id=505"},"modified":"2023-07-13T13:47:30","modified_gmt":"2023-07-13T13:47:30","slug":"om-oss","status":"publish","type":"page","link":"https:\/\/rinicompany.com\/sv\/om-oss\/","title":{"rendered":"Om oss"},"content":{"rendered":"<p>Rini \u00e4r ett svenskt f\u00f6retag som grundades 1982 med egen innovativ produktutveckling, tillverkning och internationell f\u00f6rs\u00e4ljning. Vi \u00e4r en kvalitetsleverant\u00f6r av ergonomiska, medicintekniska produkter och l\u00f6sningar till sjukhus och specialistkliniker. Inom Sverige har vi v\u00e5r egen f\u00f6rs\u00e4ljnings- och supportorganisation och p\u00e5 v\u00e5ra exportmarknader arbetar vi fr\u00e4mst med auktoriserade \u00e5terf\u00f6rs\u00e4ljare. Rini har \u00e5tagit sig att vara ett ansvarsfullt och h\u00e5llbart f\u00f6retag. Vi g\u00f6r detta genom att bygga ett f\u00f6retag f\u00f6r framtiden som levererar l\u00e5ngsiktiga ekonomiska och sociala v\u00e4rden samtidigt som vi minimera v\u00e5r milj\u00f6p\u00e5verkan.<\/p>\n<p><b>V\u00e5r aff\u00e4rsid\u00e9 \u00e4r enkel!<\/b><\/p>\n<p><strong>Rini erbjuder ergonomiska produkter och l\u00f6sningar unikt anpassade f\u00f6r olika v\u00e5rdomr\u00e5den som ger l\u00e4kare och behandlande personal en maximalt bekv\u00e4m och produktiv arbetsmilj\u00f6.<\/strong><\/p>\n<p>Vi \u00e4r mycket stolta \u00f6ver att v\u00e5ra produkter \u00e4r uppskattade, inte bara i Sverige, utan \u00f6ver hela v\u00e4rlden. Den n\u00e4ra kontakt vi har med m\u00e5nga kvalificerade anv\u00e4ndare \u00e4r en sporre f\u00f6r oss att st\u00e4ndigt utveckla v\u00e5ra produkter \u2014 alltid med kundnyttan i fokus!<\/p>\n","protected":false},"excerpt":{"rendered":"<p>Rini \u00e4r ett svenskt f\u00f6retag som grundades 1982 med egen innovativ produktutveckling, tillverkning och internationell f\u00f6rs\u00e4ljning. Vi \u00e4r en kvalitetsleverant\u00f6r av ergonomiska, medicintekniska produkter och l\u00f6sningar till sjukhus och specialistkliniker. Inom Sverige har vi v\u00e5r egen f\u00f6rs\u00e4ljnings- och supportorganisation och p\u00e5 v\u00e5ra exportmarknader arbetar vi fr\u00e4mst med auktoriserade \u00e5terf\u00f6rs\u00e4ljare. Rini har \u00e5tagit sig att vara [&hellip;]<\/p>\n","protected":false},"author":5,"featured_media":0,"parent":0,"menu_order":0,"comment_status":"closed","ping_status":"closed","template":"","meta":{"_acf_changed":false,"inline_featured_image":false,"footnotes":""},"class_list":["post-505","page","type-page","status-publish","hentry"],"acf":[],"yoast_head":"<!-- This site is optimized with the Yoast SEO plugin v27.5 - https:\/\/yoast.com\/product\/yoast-seo-wordpress\/ -->\n<title>Om oss - Rini Ergoteknik AB<\/title>\n<meta name=\"description\" content=\"Rini \u00e4r en kvalitetsleverant\u00f6r av ergonomiska, medicintekniska produkter och l\u00f6sningar till sjukhus och specialistkliniker.\" \/>\n<meta name=\"robots\" content=\"index, follow, max-snippet:-1, max-image-preview:large, max-video-preview:-1\" \/>\n<link rel=\"canonical\" href=\"https:\/\/rinicompany.com\/sv\/om-oss\/\" \/>\n<meta property=\"og:locale\" content=\"sv_SE\" \/>\n<meta property=\"og:type\" content=\"article\" \/>\n<meta property=\"og:title\" content=\"Om oss - Rini Ergoteknik AB\" \/>\n<meta property=\"og:description\" content=\"Rini \u00e4r en kvalitetsleverant\u00f6r av ergonomiska, medicintekniska produkter och l\u00f6sningar till sjukhus och specialistkliniker.\" \/>\n<meta property=\"og:url\" content=\"https:\/\/rinicompany.com\/sv\/om-oss\/\" \/>\n<meta property=\"og:site_name\" content=\"Rini Ergoteknik AB\" \/>\n<meta property=\"article:modified_time\" content=\"2023-07-13T13:47:30+00:00\" \/>\n<meta name=\"twitter:card\" content=\"summary_large_image\" \/>\n<meta name=\"twitter:label1\" content=\"Ber\u00e4knad l\u00e4stid\" \/>\n\t<meta name=\"twitter:data1\" content=\"1 minut\" \/>\n<script type=\"application\/ld+json\" class=\"yoast-schema-graph\">{\"@context\":\"https:\\\/\\\/schema.org\",\"@graph\":[{\"@type\":\"WebPage\",\"@id\":\"https:\\\/\\\/rinicompany.com\\\/sv\\\/om-oss\\\/\",\"url\":\"https:\\\/\\\/rinicompany.com\\\/sv\\\/om-oss\\\/\",\"name\":\"Om oss - Rini Ergoteknik AB\",\"isPartOf\":{\"@id\":\"https:\\\/\\\/rinicompany.com\\\/sv\\\/#website\"},\"datePublished\":\"2019-12-02T07:39:52+00:00\",\"dateModified\":\"2023-07-13T13:47:30+00:00\",\"description\":\"Rini \u00e4r en kvalitetsleverant\u00f6r av ergonomiska, medicintekniska produkter och l\u00f6sningar till sjukhus och specialistkliniker.\",\"breadcrumb\":{\"@id\":\"https:\\\/\\\/rinicompany.com\\\/sv\\\/om-oss\\\/#breadcrumb\"},\"inLanguage\":\"sv-SE\",\"potentialAction\":[{\"@type\":\"ReadAction\",\"target\":[\"https:\\\/\\\/rinicompany.com\\\/sv\\\/om-oss\\\/\"]}]},{\"@type\":\"BreadcrumbList\",\"@id\":\"https:\\\/\\\/rinicompany.com\\\/sv\\\/om-oss\\\/#breadcrumb\",\"itemListElement\":[{\"@type\":\"ListItem\",\"position\":1,\"name\":\"Home\",\"item\":\"https:\\\/\\\/rinicompany.com\\\/sv\\\/\"},{\"@type\":\"ListItem\",\"position\":2,\"name\":\"Om oss\"}]},{\"@type\":\"WebSite\",\"@id\":\"https:\\\/\\\/rinicompany.com\\\/sv\\\/#website\",\"url\":\"https:\\\/\\\/rinicompany.com\\\/sv\\\/\",\"name\":\"Rini Ergoteknik AB\",\"description\":\"\",\"publisher\":{\"@id\":\"https:\\\/\\\/rinicompany.com\\\/sv\\\/#organization\"},\"potentialAction\":[{\"@type\":\"SearchAction\",\"target\":{\"@type\":\"EntryPoint\",\"urlTemplate\":\"https:\\\/\\\/rinicompany.com\\\/sv\\\/?s={search_term_string}\"},\"query-input\":{\"@type\":\"PropertyValueSpecification\",\"valueRequired\":true,\"valueName\":\"search_term_string\"}}],\"inLanguage\":\"sv-SE\"},{\"@type\":\"Organization\",\"@id\":\"https:\\\/\\\/rinicompany.com\\\/sv\\\/#organization\",\"name\":\"Rini Ergoteknik AB\",\"alternateName\":\"Rini\",\"url\":\"https:\\\/\\\/rinicompany.com\\\/sv\\\/\",\"logo\":{\"@type\":\"ImageObject\",\"inLanguage\":\"sv-SE\",\"@id\":\"https:\\\/\\\/rinicompany.com\\\/sv\\\/#\\\/schema\\\/logo\\\/image\\\/\",\"url\":\"https:\\\/\\\/rinicompany.com\\\/wp-content\\\/uploads\\\/2024\\\/11\\\/RINI-LOGO-2017-color-RGB-Market-424_424.jpg\",\"contentUrl\":\"https:\\\/\\\/rinicompany.com\\\/wp-content\\\/uploads\\\/2024\\\/11\\\/RINI-LOGO-2017-color-RGB-Market-424_424.jpg\",\"width\":424,\"height\":424,\"caption\":\"Rini Ergoteknik AB\"},\"image\":{\"@id\":\"https:\\\/\\\/rinicompany.com\\\/sv\\\/#\\\/schema\\\/logo\\\/image\\\/\"},\"sameAs\":[\"https:\\\/\\\/www.instagram.com\\\/riniergoteknik\",\"https:\\\/\\\/www.youtube.com\\\/channel\\\/UC_BjqYAoFg9a4hBFwZ8f7WQ\"]}]}<\/script>\n<!-- \/ Yoast SEO plugin. -->","yoast_head_json":{"title":"Om oss - Rini Ergoteknik AB","description":"Rini \u00e4r en kvalitetsleverant\u00f6r av ergonomiska, medicintekniska produkter och l\u00f6sningar till sjukhus och specialistkliniker.","robots":{"index":"index","follow":"follow","max-snippet":"max-snippet:-1","max-image-preview":"max-image-preview:large","max-video-preview":"max-video-preview:-1"},"canonical":"https:\/\/rinicompany.com\/sv\/om-oss\/","og_locale":"sv_SE","og_type":"article","og_title":"Om oss - Rini Ergoteknik AB","og_description":"Rini \u00e4r en kvalitetsleverant\u00f6r av ergonomiska, medicintekniska produkter och l\u00f6sningar till sjukhus och specialistkliniker.","og_url":"https:\/\/rinicompany.com\/sv\/om-oss\/","og_site_name":"Rini Ergoteknik AB","article_modified_time":"2023-07-13T13:47:30+00:00","twitter_card":"summary_large_image","twitter_misc":{"Ber\u00e4knad l\u00e4stid":"1 minut"},"schema":{"@context":"https:\/\/schema.org","@graph":[{"@type":"WebPage","@id":"https:\/\/rinicompany.com\/sv\/om-oss\/","url":"https:\/\/rinicompany.com\/sv\/om-oss\/","name":"Om oss - Rini Ergoteknik AB","isPartOf":{"@id":"https:\/\/rinicompany.com\/sv\/#website"},"datePublished":"2019-12-02T07:39:52+00:00","dateModified":"2023-07-13T13:47:30+00:00","description":"Rini \u00e4r en kvalitetsleverant\u00f6r av ergonomiska, medicintekniska produkter och l\u00f6sningar till sjukhus och specialistkliniker.","breadcrumb":{"@id":"https:\/\/rinicompany.com\/sv\/om-oss\/#breadcrumb"},"inLanguage":"sv-SE","potentialAction":[{"@type":"ReadAction","target":["https:\/\/rinicompany.com\/sv\/om-oss\/"]}]},{"@type":"BreadcrumbList","@id":"https:\/\/rinicompany.com\/sv\/om-oss\/#breadcrumb","itemListElement":[{"@type":"ListItem","position":1,"name":"Home","item":"https:\/\/rinicompany.com\/sv\/"},{"@type":"ListItem","position":2,"name":"Om oss"}]},{"@type":"WebSite","@id":"https:\/\/rinicompany.com\/sv\/#website","url":"https:\/\/rinicompany.com\/sv\/","name":"Rini Ergoteknik AB","description":"","publisher":{"@id":"https:\/\/rinicompany.com\/sv\/#organization"},"potentialAction":[{"@type":"SearchAction","target":{"@type":"EntryPoint","urlTemplate":"https:\/\/rinicompany.com\/sv\/?s={search_term_string}"},"query-input":{"@type":"PropertyValueSpecification","valueRequired":true,"valueName":"search_term_string"}}],"inLanguage":"sv-SE"},{"@type":"Organization","@id":"https:\/\/rinicompany.com\/sv\/#organization","name":"Rini Ergoteknik AB","alternateName":"Rini","url":"https:\/\/rinicompany.com\/sv\/","logo":{"@type":"ImageObject","inLanguage":"sv-SE","@id":"https:\/\/rinicompany.com\/sv\/#\/schema\/logo\/image\/","url":"https:\/\/rinicompany.com\/wp-content\/uploads\/2024\/11\/RINI-LOGO-2017-color-RGB-Market-424_424.jpg","contentUrl":"https:\/\/rinicompany.com\/wp-content\/uploads\/2024\/11\/RINI-LOGO-2017-color-RGB-Market-424_424.jpg","width":424,"height":424,"caption":"Rini Ergoteknik AB"},"image":{"@id":"https:\/\/rinicompany.com\/sv\/#\/schema\/logo\/image\/"},"sameAs":["https:\/\/www.instagram.com\/riniergoteknik","https:\/\/www.youtube.com\/channel\/UC_BjqYAoFg9a4hBFwZ8f7WQ"]}]}},"_links":{"self":[{"href":"https:\/\/rinicompany.com\/sv\/wp-json\/wp\/v2\/pages\/505","targetHints":{"allow":["GET"]}}],"collection":[{"href":"https:\/\/rinicompany.com\/sv\/wp-json\/wp\/v2\/pages"}],"about":[{"href":"https:\/\/rinicompany.com\/sv\/wp-json\/wp\/v2\/types\/page"}],"author":[{"embeddable":true,"href":"https:\/\/rinicompany.com\/sv\/wp-json\/wp\/v2\/users\/5"}],"replies":[{"embeddable":true,"href":"https:\/\/rinicompany.com\/sv\/wp-json\/wp\/v2\/comments?post=505"}],"version-history":[{"count":3,"href":"https:\/\/rinicompany.com\/sv\/wp-json\/wp\/v2\/pages\/505\/revisions"}],"predecessor-version":[{"id":7837,"href":"https:\/\/rinicompany.com\/sv\/wp-json\/wp\/v2\/pages\/505\/revisions\/7837"}],"wp:attachment":[{"href":"https:\/\/rinicompany.com\/sv\/wp-json\/wp\/v2\/media?parent=505"}],"curies":[{"name":"wp","href":"https:\/\/api.w.org\/{rel}","templated":true}]}}