{"id":268,"date":"2019-11-22T07:59:49","date_gmt":"2019-11-22T07:59:49","guid":{"rendered":"http:\/\/rinicompany.wpengine.com\/?page_id=268"},"modified":"2026-04-16T14:06:28","modified_gmt":"2026-04-16T14:06:28","slug":"kontakt","status":"publish","type":"page","link":"https:\/\/rinicompany.com\/sv\/kontakt\/","title":{"rendered":"Kontakt"},"content":{"rendered":"","protected":false},"excerpt":{"rendered":"","protected":false},"author":5,"featured_media":0,"parent":0,"menu_order":27,"comment_status":"closed","ping_status":"closed","template":"page-kontakt.php","meta":{"_acf_changed":false,"inline_featured_image":false,"footnotes":""},"class_list":["post-268","page","type-page","status-publish","hentry"],"acf":[],"yoast_head":"<!-- This site is optimized with the Yoast SEO plugin v27.4 - https:\/\/yoast.com\/product\/yoast-seo-wordpress\/ -->\n<title>Vill du kommer i kontakt med oss p\u00e5 rini? - Rini Ergoteknik AB<\/title>\n<meta name=\"description\" content=\"Kontakta Oss. Huvudkontor. Rini Ergoteknik AB F\u00e5gels\u00e5ngsv\u00e4gen 3B SE-186 42 Vallentuna Tel 08-594 77170 E-post info@rini.se.\" \/>\n<meta name=\"robots\" content=\"index, follow, max-snippet:-1, max-image-preview:large, max-video-preview:-1\" \/>\n<link rel=\"canonical\" href=\"https:\/\/rinicompany.com\/sv\/kontakt\/\" \/>\n<meta property=\"og:locale\" content=\"sv_SE\" \/>\n<meta property=\"og:type\" content=\"article\" \/>\n<meta property=\"og:title\" content=\"Vill du kommer i kontakt med oss p\u00e5 rini? - Rini Ergoteknik AB\" \/>\n<meta property=\"og:description\" content=\"Kontakta Oss. Huvudkontor. Rini Ergoteknik AB F\u00e5gels\u00e5ngsv\u00e4gen 3B SE-186 42 Vallentuna Tel 08-594 77170 E-post info@rini.se.\" \/>\n<meta property=\"og:url\" content=\"https:\/\/rinicompany.com\/sv\/kontakt\/\" \/>\n<meta property=\"og:site_name\" content=\"Rini Ergoteknik AB\" \/>\n<meta property=\"article:modified_time\" content=\"2026-04-16T14:06:28+00:00\" \/>\n<meta name=\"twitter:card\" content=\"summary_large_image\" \/>\n<meta name=\"twitter:label1\" content=\"Ber\u00e4knad l\u00e4stid\" \/>\n\t<meta name=\"twitter:data1\" content=\"1 minut\" \/>\n<script type=\"application\/ld+json\" class=\"yoast-schema-graph\">{\"@context\":\"https:\\\/\\\/schema.org\",\"@graph\":[{\"@type\":\"WebPage\",\"@id\":\"https:\\\/\\\/rinicompany.com\\\/sv\\\/kontakt\\\/\",\"url\":\"https:\\\/\\\/rinicompany.com\\\/sv\\\/kontakt\\\/\",\"name\":\"Vill du kommer i kontakt med oss p\u00e5 rini? - Rini Ergoteknik AB\",\"isPartOf\":{\"@id\":\"https:\\\/\\\/rinicompany.com\\\/sv\\\/#website\"},\"datePublished\":\"2019-11-22T07:59:49+00:00\",\"dateModified\":\"2026-04-16T14:06:28+00:00\",\"description\":\"Kontakta Oss. Huvudkontor. Rini Ergoteknik AB F\u00e5gels\u00e5ngsv\u00e4gen 3B SE-186 42 Vallentuna Tel 08-594 77170 E-post info@rini.se.\",\"breadcrumb\":{\"@id\":\"https:\\\/\\\/rinicompany.com\\\/sv\\\/kontakt\\\/#breadcrumb\"},\"inLanguage\":\"sv-SE\",\"potentialAction\":[{\"@type\":\"ReadAction\",\"target\":[\"https:\\\/\\\/rinicompany.com\\\/sv\\\/kontakt\\\/\"]}]},{\"@type\":\"BreadcrumbList\",\"@id\":\"https:\\\/\\\/rinicompany.com\\\/sv\\\/kontakt\\\/#breadcrumb\",\"itemListElement\":[{\"@type\":\"ListItem\",\"position\":1,\"name\":\"Home\",\"item\":\"https:\\\/\\\/rinicompany.com\\\/sv\\\/\"},{\"@type\":\"ListItem\",\"position\":2,\"name\":\"Kontakt\"}]},{\"@type\":\"WebSite\",\"@id\":\"https:\\\/\\\/rinicompany.com\\\/sv\\\/#website\",\"url\":\"https:\\\/\\\/rinicompany.com\\\/sv\\\/\",\"name\":\"Rini Ergoteknik AB\",\"description\":\"\",\"publisher\":{\"@id\":\"https:\\\/\\\/rinicompany.com\\\/sv\\\/#organization\"},\"potentialAction\":[{\"@type\":\"SearchAction\",\"target\":{\"@type\":\"EntryPoint\",\"urlTemplate\":\"https:\\\/\\\/rinicompany.com\\\/sv\\\/?s={search_term_string}\"},\"query-input\":{\"@type\":\"PropertyValueSpecification\",\"valueRequired\":true,\"valueName\":\"search_term_string\"}}],\"inLanguage\":\"sv-SE\"},{\"@type\":\"Organization\",\"@id\":\"https:\\\/\\\/rinicompany.com\\\/sv\\\/#organization\",\"name\":\"Rini Ergoteknik AB\",\"alternateName\":\"Rini\",\"url\":\"https:\\\/\\\/rinicompany.com\\\/sv\\\/\",\"logo\":{\"@type\":\"ImageObject\",\"inLanguage\":\"sv-SE\",\"@id\":\"https:\\\/\\\/rinicompany.com\\\/sv\\\/#\\\/schema\\\/logo\\\/image\\\/\",\"url\":\"https:\\\/\\\/rinicompany.com\\\/wp-content\\\/uploads\\\/2024\\\/11\\\/RINI-LOGO-2017-color-RGB-Market-424_424.jpg\",\"contentUrl\":\"https:\\\/\\\/rinicompany.com\\\/wp-content\\\/uploads\\\/2024\\\/11\\\/RINI-LOGO-2017-color-RGB-Market-424_424.jpg\",\"width\":424,\"height\":424,\"caption\":\"Rini Ergoteknik AB\"},\"image\":{\"@id\":\"https:\\\/\\\/rinicompany.com\\\/sv\\\/#\\\/schema\\\/logo\\\/image\\\/\"},\"sameAs\":[\"https:\\\/\\\/www.instagram.com\\\/riniergoteknik\",\"https:\\\/\\\/www.youtube.com\\\/channel\\\/UC_BjqYAoFg9a4hBFwZ8f7WQ\"]}]}<\/script>\n<!-- \/ Yoast SEO plugin. -->","yoast_head_json":{"title":"Vill du kommer i kontakt med oss p\u00e5 rini? - Rini Ergoteknik AB","description":"Kontakta Oss. Huvudkontor. Rini Ergoteknik AB F\u00e5gels\u00e5ngsv\u00e4gen 3B SE-186 42 Vallentuna Tel 08-594 77170 E-post info@rini.se.","robots":{"index":"index","follow":"follow","max-snippet":"max-snippet:-1","max-image-preview":"max-image-preview:large","max-video-preview":"max-video-preview:-1"},"canonical":"https:\/\/rinicompany.com\/sv\/kontakt\/","og_locale":"sv_SE","og_type":"article","og_title":"Vill du kommer i kontakt med oss p\u00e5 rini? - Rini Ergoteknik AB","og_description":"Kontakta Oss. Huvudkontor. Rini Ergoteknik AB F\u00e5gels\u00e5ngsv\u00e4gen 3B SE-186 42 Vallentuna Tel 08-594 77170 E-post info@rini.se.","og_url":"https:\/\/rinicompany.com\/sv\/kontakt\/","og_site_name":"Rini Ergoteknik AB","article_modified_time":"2026-04-16T14:06:28+00:00","twitter_card":"summary_large_image","twitter_misc":{"Ber\u00e4knad l\u00e4stid":"1 minut"},"schema":{"@context":"https:\/\/schema.org","@graph":[{"@type":"WebPage","@id":"https:\/\/rinicompany.com\/sv\/kontakt\/","url":"https:\/\/rinicompany.com\/sv\/kontakt\/","name":"Vill du kommer i kontakt med oss p\u00e5 rini? - Rini Ergoteknik AB","isPartOf":{"@id":"https:\/\/rinicompany.com\/sv\/#website"},"datePublished":"2019-11-22T07:59:49+00:00","dateModified":"2026-04-16T14:06:28+00:00","description":"Kontakta Oss. Huvudkontor. Rini Ergoteknik AB F\u00e5gels\u00e5ngsv\u00e4gen 3B SE-186 42 Vallentuna Tel 08-594 77170 E-post info@rini.se.","breadcrumb":{"@id":"https:\/\/rinicompany.com\/sv\/kontakt\/#breadcrumb"},"inLanguage":"sv-SE","potentialAction":[{"@type":"ReadAction","target":["https:\/\/rinicompany.com\/sv\/kontakt\/"]}]},{"@type":"BreadcrumbList","@id":"https:\/\/rinicompany.com\/sv\/kontakt\/#breadcrumb","itemListElement":[{"@type":"ListItem","position":1,"name":"Home","item":"https:\/\/rinicompany.com\/sv\/"},{"@type":"ListItem","position":2,"name":"Kontakt"}]},{"@type":"WebSite","@id":"https:\/\/rinicompany.com\/sv\/#website","url":"https:\/\/rinicompany.com\/sv\/","name":"Rini Ergoteknik AB","description":"","publisher":{"@id":"https:\/\/rinicompany.com\/sv\/#organization"},"potentialAction":[{"@type":"SearchAction","target":{"@type":"EntryPoint","urlTemplate":"https:\/\/rinicompany.com\/sv\/?s={search_term_string}"},"query-input":{"@type":"PropertyValueSpecification","valueRequired":true,"valueName":"search_term_string"}}],"inLanguage":"sv-SE"},{"@type":"Organization","@id":"https:\/\/rinicompany.com\/sv\/#organization","name":"Rini Ergoteknik AB","alternateName":"Rini","url":"https:\/\/rinicompany.com\/sv\/","logo":{"@type":"ImageObject","inLanguage":"sv-SE","@id":"https:\/\/rinicompany.com\/sv\/#\/schema\/logo\/image\/","url":"https:\/\/rinicompany.com\/wp-content\/uploads\/2024\/11\/RINI-LOGO-2017-color-RGB-Market-424_424.jpg","contentUrl":"https:\/\/rinicompany.com\/wp-content\/uploads\/2024\/11\/RINI-LOGO-2017-color-RGB-Market-424_424.jpg","width":424,"height":424,"caption":"Rini Ergoteknik AB"},"image":{"@id":"https:\/\/rinicompany.com\/sv\/#\/schema\/logo\/image\/"},"sameAs":["https:\/\/www.instagram.com\/riniergoteknik","https:\/\/www.youtube.com\/channel\/UC_BjqYAoFg9a4hBFwZ8f7WQ"]}]}},"_links":{"self":[{"href":"https:\/\/rinicompany.com\/sv\/wp-json\/wp\/v2\/pages\/268","targetHints":{"allow":["GET"]}}],"collection":[{"href":"https:\/\/rinicompany.com\/sv\/wp-json\/wp\/v2\/pages"}],"about":[{"href":"https:\/\/rinicompany.com\/sv\/wp-json\/wp\/v2\/types\/page"}],"author":[{"embeddable":true,"href":"https:\/\/rinicompany.com\/sv\/wp-json\/wp\/v2\/users\/5"}],"replies":[{"embeddable":true,"href":"https:\/\/rinicompany.com\/sv\/wp-json\/wp\/v2\/comments?post=268"}],"version-history":[{"count":9,"href":"https:\/\/rinicompany.com\/sv\/wp-json\/wp\/v2\/pages\/268\/revisions"}],"predecessor-version":[{"id":9696,"href":"https:\/\/rinicompany.com\/sv\/wp-json\/wp\/v2\/pages\/268\/revisions\/9696"}],"wp:attachment":[{"href":"https:\/\/rinicompany.com\/sv\/wp-json\/wp\/v2\/media?parent=268"}],"curies":[{"name":"wp","href":"https:\/\/api.w.org\/{rel}","templated":true}]}}