{"id":3291,"date":"2019-12-02T07:06:52","date_gmt":"2019-12-02T07:06:52","guid":{"rendered":"https:\/\/rinicompany.com\/about\/"},"modified":"2023-07-13T13:48:33","modified_gmt":"2023-07-13T13:48:33","slug":"about","status":"publish","type":"page","link":"https:\/\/rinicompany.com\/it\/about\/","title":{"rendered":"Chi siamo"},"content":{"rendered":"<p>Rini \u00e8 un&#8217;azienda svedese fondata nel 1982 con un \u00a0proprio modello innovativo di sviluppo, produzione e \u00a0vendita internazionale. Siamo un fornitore qualificato di prodotti e soluzioni mediche ergonomiche per ospedali e cliniche specializzate. In Svezia operiamo con organizzazione di vendita e assistenza diretta e nei mercati di esportazione lavoriamo principalmente con distributori autorizzati. L\u2019impegno di Rini \u00e8 volto valori di responsabilit\u00e0 e sostenibilit\u00e0. Costruiamo un&#8217;azienda per il futuro che offra valori economici e sociali a lungo termine, riducendo al minimo il nostro impatto ambientale.<\/p>\n<p><strong>Il nostro concetto di business \u00e8 semplice!<\/strong><\/p>\n<p><strong>Rini promuove prodotti e soluzioni ergonomiche adattati in modo unico alle diverse aree di cura per fornire a medici e personale sanitario il massimo comfort e un ambiente di lavoro produttivo.<\/strong><\/p>\n<p>Siamo molto orgogliosi che i nostri prodotti siano cos\u00ec apprezzati, non solo in Svezia ma in tutto il mondo. Lo stretto contatto con molti operatori qualificati \u00e8 per noi di stimolo nel costante sviluppo dei nostri prodotti &#8211; sempre mirati a beneficio del cliente!<\/p>\n","protected":false},"excerpt":{"rendered":"<p>Rini \u00e8 un&#8217;azienda svedese fondata nel 1982 con un \u00a0proprio modello innovativo di sviluppo, produzione e \u00a0vendita internazionale. Siamo un fornitore qualificato di prodotti e soluzioni mediche ergonomiche per ospedali e cliniche specializzate. In Svezia operiamo con organizzazione di vendita e assistenza diretta e nei mercati di esportazione lavoriamo principalmente con distributori autorizzati. L\u2019impegno di [&hellip;]<\/p>\n","protected":false},"author":5,"featured_media":0,"parent":0,"menu_order":1,"comment_status":"closed","ping_status":"closed","template":"","meta":{"_acf_changed":false,"inline_featured_image":false,"footnotes":""},"class_list":["post-3291","page","type-page","status-publish","hentry"],"acf":[],"yoast_head":"<!-- This site is optimized with the Yoast SEO plugin v27.5 - https:\/\/yoast.com\/product\/yoast-seo-wordpress\/ -->\n<title>Chi siamo - Rini Ergoteknik AB<\/title>\n<meta name=\"description\" content=\"Siamo un fornitore qualificato di prodotti e soluzioni mediche ergonomiche per ospedali e cliniche specializzate.\" \/>\n<meta name=\"robots\" content=\"index, follow, max-snippet:-1, max-image-preview:large, max-video-preview:-1\" \/>\n<link rel=\"canonical\" href=\"https:\/\/rinicompany.com\/it\/about\/\" \/>\n<meta property=\"og:locale\" content=\"it_IT\" \/>\n<meta property=\"og:type\" content=\"article\" \/>\n<meta property=\"og:title\" content=\"Chi siamo - Rini Ergoteknik AB\" \/>\n<meta property=\"og:description\" content=\"Siamo un fornitore qualificato di prodotti e soluzioni mediche ergonomiche per ospedali e cliniche specializzate.\" \/>\n<meta property=\"og:url\" content=\"https:\/\/rinicompany.com\/it\/about\/\" \/>\n<meta property=\"og:site_name\" content=\"Rini Ergoteknik AB\" \/>\n<meta property=\"article:modified_time\" content=\"2023-07-13T13:48:33+00:00\" \/>\n<meta name=\"twitter:card\" content=\"summary_large_image\" \/>\n<meta name=\"twitter:label1\" content=\"Tempo di lettura stimato\" \/>\n\t<meta name=\"twitter:data1\" content=\"1 minuto\" \/>\n<script type=\"application\/ld+json\" class=\"yoast-schema-graph\">{\"@context\":\"https:\\\/\\\/schema.org\",\"@graph\":[{\"@type\":\"WebPage\",\"@id\":\"https:\\\/\\\/rinicompany.com\\\/it\\\/about\\\/\",\"url\":\"https:\\\/\\\/rinicompany.com\\\/it\\\/about\\\/\",\"name\":\"Chi siamo - Rini Ergoteknik AB\",\"isPartOf\":{\"@id\":\"https:\\\/\\\/rinicompany.com\\\/it\\\/#website\"},\"datePublished\":\"2019-12-02T07:06:52+00:00\",\"dateModified\":\"2023-07-13T13:48:33+00:00\",\"description\":\"Siamo un fornitore qualificato di prodotti e soluzioni mediche ergonomiche per ospedali e cliniche specializzate.\",\"breadcrumb\":{\"@id\":\"https:\\\/\\\/rinicompany.com\\\/it\\\/about\\\/#breadcrumb\"},\"inLanguage\":\"it-IT\",\"potentialAction\":[{\"@type\":\"ReadAction\",\"target\":[\"https:\\\/\\\/rinicompany.com\\\/it\\\/about\\\/\"]}]},{\"@type\":\"BreadcrumbList\",\"@id\":\"https:\\\/\\\/rinicompany.com\\\/it\\\/about\\\/#breadcrumb\",\"itemListElement\":[{\"@type\":\"ListItem\",\"position\":1,\"name\":\"Home\",\"item\":\"https:\\\/\\\/rinicompany.com\\\/it\\\/\"},{\"@type\":\"ListItem\",\"position\":2,\"name\":\"Chi siamo\"}]},{\"@type\":\"WebSite\",\"@id\":\"https:\\\/\\\/rinicompany.com\\\/it\\\/#website\",\"url\":\"https:\\\/\\\/rinicompany.com\\\/it\\\/\",\"name\":\"Rini Ergoteknik AB\",\"description\":\"\",\"publisher\":{\"@id\":\"https:\\\/\\\/rinicompany.com\\\/it\\\/#organization\"},\"potentialAction\":[{\"@type\":\"SearchAction\",\"target\":{\"@type\":\"EntryPoint\",\"urlTemplate\":\"https:\\\/\\\/rinicompany.com\\\/it\\\/?s={search_term_string}\"},\"query-input\":{\"@type\":\"PropertyValueSpecification\",\"valueRequired\":true,\"valueName\":\"search_term_string\"}}],\"inLanguage\":\"it-IT\"},{\"@type\":\"Organization\",\"@id\":\"https:\\\/\\\/rinicompany.com\\\/it\\\/#organization\",\"name\":\"Rini Ergoteknik AB\",\"alternateName\":\"Rini\",\"url\":\"https:\\\/\\\/rinicompany.com\\\/it\\\/\",\"logo\":{\"@type\":\"ImageObject\",\"inLanguage\":\"it-IT\",\"@id\":\"https:\\\/\\\/rinicompany.com\\\/it\\\/#\\\/schema\\\/logo\\\/image\\\/\",\"url\":\"https:\\\/\\\/rinicompany.com\\\/wp-content\\\/uploads\\\/2024\\\/11\\\/RINI-LOGO-2017-color-RGB-Market-424_424.jpg\",\"contentUrl\":\"https:\\\/\\\/rinicompany.com\\\/wp-content\\\/uploads\\\/2024\\\/11\\\/RINI-LOGO-2017-color-RGB-Market-424_424.jpg\",\"width\":424,\"height\":424,\"caption\":\"Rini Ergoteknik AB\"},\"image\":{\"@id\":\"https:\\\/\\\/rinicompany.com\\\/it\\\/#\\\/schema\\\/logo\\\/image\\\/\"},\"sameAs\":[\"https:\\\/\\\/www.instagram.com\\\/riniergoteknik\",\"https:\\\/\\\/www.youtube.com\\\/channel\\\/UC_BjqYAoFg9a4hBFwZ8f7WQ\"]}]}<\/script>\n<!-- \/ Yoast SEO plugin. -->","yoast_head_json":{"title":"Chi siamo - Rini Ergoteknik AB","description":"Siamo un fornitore qualificato di prodotti e soluzioni mediche ergonomiche per ospedali e cliniche specializzate.","robots":{"index":"index","follow":"follow","max-snippet":"max-snippet:-1","max-image-preview":"max-image-preview:large","max-video-preview":"max-video-preview:-1"},"canonical":"https:\/\/rinicompany.com\/it\/about\/","og_locale":"it_IT","og_type":"article","og_title":"Chi siamo - Rini Ergoteknik AB","og_description":"Siamo un fornitore qualificato di prodotti e soluzioni mediche ergonomiche per ospedali e cliniche specializzate.","og_url":"https:\/\/rinicompany.com\/it\/about\/","og_site_name":"Rini Ergoteknik AB","article_modified_time":"2023-07-13T13:48:33+00:00","twitter_card":"summary_large_image","twitter_misc":{"Tempo di lettura stimato":"1 minuto"},"schema":{"@context":"https:\/\/schema.org","@graph":[{"@type":"WebPage","@id":"https:\/\/rinicompany.com\/it\/about\/","url":"https:\/\/rinicompany.com\/it\/about\/","name":"Chi siamo - Rini Ergoteknik AB","isPartOf":{"@id":"https:\/\/rinicompany.com\/it\/#website"},"datePublished":"2019-12-02T07:06:52+00:00","dateModified":"2023-07-13T13:48:33+00:00","description":"Siamo un fornitore qualificato di prodotti e soluzioni mediche ergonomiche per ospedali e cliniche specializzate.","breadcrumb":{"@id":"https:\/\/rinicompany.com\/it\/about\/#breadcrumb"},"inLanguage":"it-IT","potentialAction":[{"@type":"ReadAction","target":["https:\/\/rinicompany.com\/it\/about\/"]}]},{"@type":"BreadcrumbList","@id":"https:\/\/rinicompany.com\/it\/about\/#breadcrumb","itemListElement":[{"@type":"ListItem","position":1,"name":"Home","item":"https:\/\/rinicompany.com\/it\/"},{"@type":"ListItem","position":2,"name":"Chi siamo"}]},{"@type":"WebSite","@id":"https:\/\/rinicompany.com\/it\/#website","url":"https:\/\/rinicompany.com\/it\/","name":"Rini Ergoteknik AB","description":"","publisher":{"@id":"https:\/\/rinicompany.com\/it\/#organization"},"potentialAction":[{"@type":"SearchAction","target":{"@type":"EntryPoint","urlTemplate":"https:\/\/rinicompany.com\/it\/?s={search_term_string}"},"query-input":{"@type":"PropertyValueSpecification","valueRequired":true,"valueName":"search_term_string"}}],"inLanguage":"it-IT"},{"@type":"Organization","@id":"https:\/\/rinicompany.com\/it\/#organization","name":"Rini Ergoteknik AB","alternateName":"Rini","url":"https:\/\/rinicompany.com\/it\/","logo":{"@type":"ImageObject","inLanguage":"it-IT","@id":"https:\/\/rinicompany.com\/it\/#\/schema\/logo\/image\/","url":"https:\/\/rinicompany.com\/wp-content\/uploads\/2024\/11\/RINI-LOGO-2017-color-RGB-Market-424_424.jpg","contentUrl":"https:\/\/rinicompany.com\/wp-content\/uploads\/2024\/11\/RINI-LOGO-2017-color-RGB-Market-424_424.jpg","width":424,"height":424,"caption":"Rini Ergoteknik AB"},"image":{"@id":"https:\/\/rinicompany.com\/it\/#\/schema\/logo\/image\/"},"sameAs":["https:\/\/www.instagram.com\/riniergoteknik","https:\/\/www.youtube.com\/channel\/UC_BjqYAoFg9a4hBFwZ8f7WQ"]}]}},"_links":{"self":[{"href":"https:\/\/rinicompany.com\/it\/wp-json\/wp\/v2\/pages\/3291","targetHints":{"allow":["GET"]}}],"collection":[{"href":"https:\/\/rinicompany.com\/it\/wp-json\/wp\/v2\/pages"}],"about":[{"href":"https:\/\/rinicompany.com\/it\/wp-json\/wp\/v2\/types\/page"}],"author":[{"embeddable":true,"href":"https:\/\/rinicompany.com\/it\/wp-json\/wp\/v2\/users\/5"}],"replies":[{"embeddable":true,"href":"https:\/\/rinicompany.com\/it\/wp-json\/wp\/v2\/comments?post=3291"}],"version-history":[{"count":3,"href":"https:\/\/rinicompany.com\/it\/wp-json\/wp\/v2\/pages\/3291\/revisions"}],"predecessor-version":[{"id":6375,"href":"https:\/\/rinicompany.com\/it\/wp-json\/wp\/v2\/pages\/3291\/revisions\/6375"}],"wp:attachment":[{"href":"https:\/\/rinicompany.com\/it\/wp-json\/wp\/v2\/media?parent=3291"}],"curies":[{"name":"wp","href":"https:\/\/api.w.org\/{rel}","templated":true}]}}