{"id":4661,"date":"2019-12-02T07:06:52","date_gmt":"2019-12-02T07:06:52","guid":{"rendered":"https:\/\/rinicompany.com\/about\/"},"modified":"2023-07-13T13:48:07","modified_gmt":"2023-07-13T13:48:07","slug":"about","status":"publish","type":"page","link":"https:\/\/rinicompany.com\/fr\/about\/","title":{"rendered":"Qui sommes-nous"},"content":{"rendered":"<p>Rini est une soci\u00e9t\u00e9 su\u00e9doise fond\u00e9e en 1982 avec son propre d\u00e9veloppement de produits innovants, la fabrication et la commercialisation \u00e0 l\u2019international. Nous fournissons des produits m\u00e9dicaux ergonomiques de qualit\u00e9 et des solutions pour les h\u00f4pitaux et les cliniques sp\u00e9cialis\u00e9es. En Su\u00e8de, nous avons notre propre organisation de vente et de SAV et sur nos march\u00e9s \u00e0 l\u2019export nous travaillons principalement avec des distributeurs agr\u00e9\u00e9s. Rini s\u2019engage \u00e0 \u00eatre une entreprise responsable et durable. Pour ce faire, nous b\u00e2tissons une entreprise pour l\u2019avenir qui offre des valeurs \u00e9conomiques et sociales \u00e0 long termes tout en minimisant notre impact environnemental.<\/p>\n<p><strong>Notre concept d\u2019entreprise est simple!<\/strong><\/p>\n<p><strong>Rini propose des produits et des solutions ergonomiques adapt\u00e9s aux diff\u00e9rents domaines de soins qui offrent aux m\u00e9decins et au personnel soignant un environnement de travail confortable et productif.<\/strong><\/p>\n<p>Nous sommes tr\u00e8s fiers que nos produits soient si appr\u00e9ci\u00e9s en Su\u00e8de et partout dans le monde. Les relations \u00e9troites que nous avons avec nos clients nous motive constamment pour am\u00e9liorer nos produits &#8211; le besoin du client reste toujours notre pr\u00e9occupation principale!<\/p>\n","protected":false},"excerpt":{"rendered":"<p>Rini est une soci\u00e9t\u00e9 su\u00e9doise fond\u00e9e en 1982 avec son propre d\u00e9veloppement de produits innovants, la fabrication et la commercialisation \u00e0 l\u2019international. Nous fournissons des produits m\u00e9dicaux ergonomiques de qualit\u00e9 et des solutions pour les h\u00f4pitaux et les cliniques sp\u00e9cialis\u00e9es. En Su\u00e8de, nous avons notre propre organisation de vente et de SAV et sur nos [&hellip;]<\/p>\n","protected":false},"author":5,"featured_media":0,"parent":0,"menu_order":1,"comment_status":"closed","ping_status":"closed","template":"","meta":{"_acf_changed":false,"inline_featured_image":false,"footnotes":""},"class_list":["post-4661","page","type-page","status-publish","hentry"],"acf":[],"yoast_head":"<!-- This site is optimized with the Yoast SEO plugin v27.4 - https:\/\/yoast.com\/product\/yoast-seo-wordpress\/ -->\n<title>Qui sommes-nous - Rini Ergoteknik AB<\/title>\n<meta name=\"description\" content=\"Nous fournissons des produits m\u00e9dicaux ergonomiques de qualit\u00e9 et des solutions pour les h\u00f4pitaux et les cliniques sp\u00e9cialis\u00e9es.\" \/>\n<meta name=\"robots\" content=\"index, follow, max-snippet:-1, max-image-preview:large, max-video-preview:-1\" \/>\n<link rel=\"canonical\" href=\"https:\/\/rinicompany.com\/fr\/about\/\" \/>\n<meta property=\"og:locale\" content=\"fr_FR\" \/>\n<meta property=\"og:type\" content=\"article\" \/>\n<meta property=\"og:title\" content=\"Qui sommes-nous - Rini Ergoteknik AB\" \/>\n<meta property=\"og:description\" content=\"Nous fournissons des produits m\u00e9dicaux ergonomiques de qualit\u00e9 et des solutions pour les h\u00f4pitaux et les cliniques sp\u00e9cialis\u00e9es.\" \/>\n<meta property=\"og:url\" content=\"https:\/\/rinicompany.com\/fr\/about\/\" \/>\n<meta property=\"og:site_name\" content=\"Rini Ergoteknik AB\" \/>\n<meta property=\"article:modified_time\" content=\"2023-07-13T13:48:07+00:00\" \/>\n<meta name=\"twitter:card\" content=\"summary_large_image\" \/>\n<meta name=\"twitter:label1\" content=\"Dur\u00e9e de lecture estim\u00e9e\" \/>\n\t<meta name=\"twitter:data1\" content=\"1 minute\" \/>\n<script type=\"application\/ld+json\" class=\"yoast-schema-graph\">{\"@context\":\"https:\\\/\\\/schema.org\",\"@graph\":[{\"@type\":\"WebPage\",\"@id\":\"https:\\\/\\\/rinicompany.com\\\/fr\\\/about\\\/\",\"url\":\"https:\\\/\\\/rinicompany.com\\\/fr\\\/about\\\/\",\"name\":\"Qui sommes-nous - Rini Ergoteknik AB\",\"isPartOf\":{\"@id\":\"https:\\\/\\\/rinicompany.com\\\/fr\\\/#website\"},\"datePublished\":\"2019-12-02T07:06:52+00:00\",\"dateModified\":\"2023-07-13T13:48:07+00:00\",\"description\":\"Nous fournissons des produits m\u00e9dicaux ergonomiques de qualit\u00e9 et des solutions pour les h\u00f4pitaux et les cliniques sp\u00e9cialis\u00e9es.\",\"breadcrumb\":{\"@id\":\"https:\\\/\\\/rinicompany.com\\\/fr\\\/about\\\/#breadcrumb\"},\"inLanguage\":\"fr-FR\",\"potentialAction\":[{\"@type\":\"ReadAction\",\"target\":[\"https:\\\/\\\/rinicompany.com\\\/fr\\\/about\\\/\"]}]},{\"@type\":\"BreadcrumbList\",\"@id\":\"https:\\\/\\\/rinicompany.com\\\/fr\\\/about\\\/#breadcrumb\",\"itemListElement\":[{\"@type\":\"ListItem\",\"position\":1,\"name\":\"Home\",\"item\":\"https:\\\/\\\/rinicompany.com\\\/fr\\\/\"},{\"@type\":\"ListItem\",\"position\":2,\"name\":\"Qui sommes-nous\"}]},{\"@type\":\"WebSite\",\"@id\":\"https:\\\/\\\/rinicompany.com\\\/fr\\\/#website\",\"url\":\"https:\\\/\\\/rinicompany.com\\\/fr\\\/\",\"name\":\"Rini Ergoteknik AB\",\"description\":\"\",\"publisher\":{\"@id\":\"https:\\\/\\\/rinicompany.com\\\/fr\\\/#organization\"},\"potentialAction\":[{\"@type\":\"SearchAction\",\"target\":{\"@type\":\"EntryPoint\",\"urlTemplate\":\"https:\\\/\\\/rinicompany.com\\\/fr\\\/?s={search_term_string}\"},\"query-input\":{\"@type\":\"PropertyValueSpecification\",\"valueRequired\":true,\"valueName\":\"search_term_string\"}}],\"inLanguage\":\"fr-FR\"},{\"@type\":\"Organization\",\"@id\":\"https:\\\/\\\/rinicompany.com\\\/fr\\\/#organization\",\"name\":\"Rini Ergoteknik AB\",\"alternateName\":\"Rini\",\"url\":\"https:\\\/\\\/rinicompany.com\\\/fr\\\/\",\"logo\":{\"@type\":\"ImageObject\",\"inLanguage\":\"fr-FR\",\"@id\":\"https:\\\/\\\/rinicompany.com\\\/fr\\\/#\\\/schema\\\/logo\\\/image\\\/\",\"url\":\"https:\\\/\\\/rinicompany.com\\\/wp-content\\\/uploads\\\/2024\\\/11\\\/RINI-LOGO-2017-color-RGB-Market-424_424.jpg\",\"contentUrl\":\"https:\\\/\\\/rinicompany.com\\\/wp-content\\\/uploads\\\/2024\\\/11\\\/RINI-LOGO-2017-color-RGB-Market-424_424.jpg\",\"width\":424,\"height\":424,\"caption\":\"Rini Ergoteknik AB\"},\"image\":{\"@id\":\"https:\\\/\\\/rinicompany.com\\\/fr\\\/#\\\/schema\\\/logo\\\/image\\\/\"},\"sameAs\":[\"https:\\\/\\\/www.instagram.com\\\/riniergoteknik\",\"https:\\\/\\\/www.youtube.com\\\/channel\\\/UC_BjqYAoFg9a4hBFwZ8f7WQ\"]}]}<\/script>\n<!-- \/ Yoast SEO plugin. -->","yoast_head_json":{"title":"Qui sommes-nous - Rini Ergoteknik AB","description":"Nous fournissons des produits m\u00e9dicaux ergonomiques de qualit\u00e9 et des solutions pour les h\u00f4pitaux et les cliniques sp\u00e9cialis\u00e9es.","robots":{"index":"index","follow":"follow","max-snippet":"max-snippet:-1","max-image-preview":"max-image-preview:large","max-video-preview":"max-video-preview:-1"},"canonical":"https:\/\/rinicompany.com\/fr\/about\/","og_locale":"fr_FR","og_type":"article","og_title":"Qui sommes-nous - Rini Ergoteknik AB","og_description":"Nous fournissons des produits m\u00e9dicaux ergonomiques de qualit\u00e9 et des solutions pour les h\u00f4pitaux et les cliniques sp\u00e9cialis\u00e9es.","og_url":"https:\/\/rinicompany.com\/fr\/about\/","og_site_name":"Rini Ergoteknik AB","article_modified_time":"2023-07-13T13:48:07+00:00","twitter_card":"summary_large_image","twitter_misc":{"Dur\u00e9e de lecture estim\u00e9e":"1 minute"},"schema":{"@context":"https:\/\/schema.org","@graph":[{"@type":"WebPage","@id":"https:\/\/rinicompany.com\/fr\/about\/","url":"https:\/\/rinicompany.com\/fr\/about\/","name":"Qui sommes-nous - Rini Ergoteknik AB","isPartOf":{"@id":"https:\/\/rinicompany.com\/fr\/#website"},"datePublished":"2019-12-02T07:06:52+00:00","dateModified":"2023-07-13T13:48:07+00:00","description":"Nous fournissons des produits m\u00e9dicaux ergonomiques de qualit\u00e9 et des solutions pour les h\u00f4pitaux et les cliniques sp\u00e9cialis\u00e9es.","breadcrumb":{"@id":"https:\/\/rinicompany.com\/fr\/about\/#breadcrumb"},"inLanguage":"fr-FR","potentialAction":[{"@type":"ReadAction","target":["https:\/\/rinicompany.com\/fr\/about\/"]}]},{"@type":"BreadcrumbList","@id":"https:\/\/rinicompany.com\/fr\/about\/#breadcrumb","itemListElement":[{"@type":"ListItem","position":1,"name":"Home","item":"https:\/\/rinicompany.com\/fr\/"},{"@type":"ListItem","position":2,"name":"Qui sommes-nous"}]},{"@type":"WebSite","@id":"https:\/\/rinicompany.com\/fr\/#website","url":"https:\/\/rinicompany.com\/fr\/","name":"Rini Ergoteknik AB","description":"","publisher":{"@id":"https:\/\/rinicompany.com\/fr\/#organization"},"potentialAction":[{"@type":"SearchAction","target":{"@type":"EntryPoint","urlTemplate":"https:\/\/rinicompany.com\/fr\/?s={search_term_string}"},"query-input":{"@type":"PropertyValueSpecification","valueRequired":true,"valueName":"search_term_string"}}],"inLanguage":"fr-FR"},{"@type":"Organization","@id":"https:\/\/rinicompany.com\/fr\/#organization","name":"Rini Ergoteknik AB","alternateName":"Rini","url":"https:\/\/rinicompany.com\/fr\/","logo":{"@type":"ImageObject","inLanguage":"fr-FR","@id":"https:\/\/rinicompany.com\/fr\/#\/schema\/logo\/image\/","url":"https:\/\/rinicompany.com\/wp-content\/uploads\/2024\/11\/RINI-LOGO-2017-color-RGB-Market-424_424.jpg","contentUrl":"https:\/\/rinicompany.com\/wp-content\/uploads\/2024\/11\/RINI-LOGO-2017-color-RGB-Market-424_424.jpg","width":424,"height":424,"caption":"Rini Ergoteknik AB"},"image":{"@id":"https:\/\/rinicompany.com\/fr\/#\/schema\/logo\/image\/"},"sameAs":["https:\/\/www.instagram.com\/riniergoteknik","https:\/\/www.youtube.com\/channel\/UC_BjqYAoFg9a4hBFwZ8f7WQ"]}]}},"_links":{"self":[{"href":"https:\/\/rinicompany.com\/fr\/wp-json\/wp\/v2\/pages\/4661","targetHints":{"allow":["GET"]}}],"collection":[{"href":"https:\/\/rinicompany.com\/fr\/wp-json\/wp\/v2\/pages"}],"about":[{"href":"https:\/\/rinicompany.com\/fr\/wp-json\/wp\/v2\/types\/page"}],"author":[{"embeddable":true,"href":"https:\/\/rinicompany.com\/fr\/wp-json\/wp\/v2\/users\/5"}],"replies":[{"embeddable":true,"href":"https:\/\/rinicompany.com\/fr\/wp-json\/wp\/v2\/comments?post=4661"}],"version-history":[{"count":3,"href":"https:\/\/rinicompany.com\/fr\/wp-json\/wp\/v2\/pages\/4661\/revisions"}],"predecessor-version":[{"id":6373,"href":"https:\/\/rinicompany.com\/fr\/wp-json\/wp\/v2\/pages\/4661\/revisions\/6373"}],"wp:attachment":[{"href":"https:\/\/rinicompany.com\/fr\/wp-json\/wp\/v2\/media?parent=4661"}],"curies":[{"name":"wp","href":"https:\/\/api.w.org\/{rel}","templated":true}]}}