{"id":1684,"date":"2019-12-02T07:06:52","date_gmt":"2019-12-02T07:06:52","guid":{"rendered":"http:\/\/rinicompany.wpengine.com\/?page_id=1684"},"modified":"2023-07-13T13:48:19","modified_gmt":"2023-07-13T13:48:19","slug":"about","status":"publish","type":"page","link":"https:\/\/rinicompany.com\/de\/about\/","title":{"rendered":"\u00dcber uns"},"content":{"rendered":"<p>Rini ist ein schwedisches Unternehmen, das 1982 mit eigener innovativer Produktentwicklung, Herstellung und internationalem Vertrieb gegr\u00fcndet wurde. Wir sind ein Qualit\u00e4tsanbieter von ergonomischen medizinischen Produkten und L\u00f6sungen f\u00fcr Krankenh\u00e4user und Fachkliniken. Innerhalb Schweden haben wir eine eigene Verkaufs- und Supportorganisation und arbeiten in unseren Exportm\u00e4rkten haupts\u00e4chlich mit auktorisierten Partners zusammen. Rini verpflichtet sich, ein verantwortungsbewusstes und nachhaltiges Unternehmen zu sein. Wir tun dies, indem wir ein Unternehmen f\u00fcr die Zukunft aufbauen, das langfristige wirtschaftliche und soziale Werte liefert und gleichzeitig unsere Umweltauswirkungen minimiert.<\/p>\n<p><strong>Unser Gesch\u00e4ftskonzept ist einfach!<\/strong><\/p>\n<p><strong>Rini bietet ergonomische Produkte an, die speziell auf verschiedene Pflegebereiche zugeschnitten sind, die \u00c4rzte und Pleger ein H\u00f6chstma\u00df an Komfort und Produktivit\u00e4t schenken.<\/strong><\/p>\n<p>Wir sind sehr stolz darauf, dass unsere Produkte nicht nur in Schweden, sondern auf der ganzen Welt so gesch\u00e4tzt werden. Der enge Kontakt zu vielen qualifizierten Anwendern ist f\u00fcr uns ein Ansporn, unsere Produkte st\u00e4ndig weiterzuentwickeln &#8211; immer mit dem Kundennutzen im Fokus!<\/p>\n","protected":false},"excerpt":{"rendered":"<p>Rini ist ein schwedisches Unternehmen, das 1982 mit eigener innovativer Produktentwicklung, Herstellung und internationalem Vertrieb gegr\u00fcndet wurde. Wir sind ein Qualit\u00e4tsanbieter von ergonomischen medizinischen Produkten und L\u00f6sungen f\u00fcr Krankenh\u00e4user und Fachkliniken. Innerhalb Schweden haben wir eine eigene Verkaufs- und Supportorganisation und arbeiten in unseren Exportm\u00e4rkten haupts\u00e4chlich mit auktorisierten Partners zusammen. Rini verpflichtet sich, ein verantwortungsbewusstes [&hellip;]<\/p>\n","protected":false},"author":5,"featured_media":0,"parent":0,"menu_order":0,"comment_status":"closed","ping_status":"closed","template":"","meta":{"_acf_changed":false,"inline_featured_image":false,"footnotes":""},"class_list":["post-1684","page","type-page","status-publish","hentry"],"acf":[],"yoast_head":"<!-- This site is optimized with the Yoast SEO plugin v27.5 - https:\/\/yoast.com\/product\/yoast-seo-wordpress\/ -->\n<title>\u00dcber uns - Rini Ergoteknik AB<\/title>\n<meta name=\"description\" content=\"Wir sind ein Qualit\u00e4tsanbieter von ergonomischen medizinischen Produkten und L\u00f6sungen f\u00fcr Krankenh\u00e4user und Fachkliniken.\" \/>\n<meta name=\"robots\" content=\"index, follow, max-snippet:-1, max-image-preview:large, max-video-preview:-1\" \/>\n<link rel=\"canonical\" href=\"https:\/\/rinicompany.com\/de\/about\/\" \/>\n<meta property=\"og:locale\" content=\"de_DE\" \/>\n<meta property=\"og:type\" content=\"article\" \/>\n<meta property=\"og:title\" content=\"\u00dcber uns - Rini Ergoteknik AB\" \/>\n<meta property=\"og:description\" content=\"Wir sind ein Qualit\u00e4tsanbieter von ergonomischen medizinischen Produkten und L\u00f6sungen f\u00fcr Krankenh\u00e4user und Fachkliniken.\" \/>\n<meta property=\"og:url\" content=\"https:\/\/rinicompany.com\/de\/about\/\" \/>\n<meta property=\"og:site_name\" content=\"Rini Ergoteknik AB\" \/>\n<meta property=\"article:modified_time\" content=\"2023-07-13T13:48:19+00:00\" \/>\n<meta name=\"twitter:card\" content=\"summary_large_image\" \/>\n<meta name=\"twitter:label1\" content=\"Gesch\u00e4tzte Lesezeit\" \/>\n\t<meta name=\"twitter:data1\" content=\"1\u00a0Minute\" \/>\n<script type=\"application\/ld+json\" class=\"yoast-schema-graph\">{\"@context\":\"https:\\\/\\\/schema.org\",\"@graph\":[{\"@type\":\"WebPage\",\"@id\":\"https:\\\/\\\/rinicompany.com\\\/de\\\/about\\\/\",\"url\":\"https:\\\/\\\/rinicompany.com\\\/de\\\/about\\\/\",\"name\":\"\u00dcber uns - Rini Ergoteknik AB\",\"isPartOf\":{\"@id\":\"https:\\\/\\\/rinicompany.com\\\/de\\\/#website\"},\"datePublished\":\"2019-12-02T07:06:52+00:00\",\"dateModified\":\"2023-07-13T13:48:19+00:00\",\"description\":\"Wir sind ein Qualit\u00e4tsanbieter von ergonomischen medizinischen Produkten und L\u00f6sungen f\u00fcr Krankenh\u00e4user und Fachkliniken.\",\"breadcrumb\":{\"@id\":\"https:\\\/\\\/rinicompany.com\\\/de\\\/about\\\/#breadcrumb\"},\"inLanguage\":\"de\",\"potentialAction\":[{\"@type\":\"ReadAction\",\"target\":[\"https:\\\/\\\/rinicompany.com\\\/de\\\/about\\\/\"]}]},{\"@type\":\"BreadcrumbList\",\"@id\":\"https:\\\/\\\/rinicompany.com\\\/de\\\/about\\\/#breadcrumb\",\"itemListElement\":[{\"@type\":\"ListItem\",\"position\":1,\"name\":\"Home\",\"item\":\"https:\\\/\\\/rinicompany.com\\\/de\\\/\"},{\"@type\":\"ListItem\",\"position\":2,\"name\":\"\u00dcber uns\"}]},{\"@type\":\"WebSite\",\"@id\":\"https:\\\/\\\/rinicompany.com\\\/de\\\/#website\",\"url\":\"https:\\\/\\\/rinicompany.com\\\/de\\\/\",\"name\":\"Rini Ergoteknik AB\",\"description\":\"\",\"publisher\":{\"@id\":\"https:\\\/\\\/rinicompany.com\\\/de\\\/#organization\"},\"potentialAction\":[{\"@type\":\"SearchAction\",\"target\":{\"@type\":\"EntryPoint\",\"urlTemplate\":\"https:\\\/\\\/rinicompany.com\\\/de\\\/?s={search_term_string}\"},\"query-input\":{\"@type\":\"PropertyValueSpecification\",\"valueRequired\":true,\"valueName\":\"search_term_string\"}}],\"inLanguage\":\"de\"},{\"@type\":\"Organization\",\"@id\":\"https:\\\/\\\/rinicompany.com\\\/de\\\/#organization\",\"name\":\"Rini Ergoteknik AB\",\"alternateName\":\"Rini\",\"url\":\"https:\\\/\\\/rinicompany.com\\\/de\\\/\",\"logo\":{\"@type\":\"ImageObject\",\"inLanguage\":\"de\",\"@id\":\"https:\\\/\\\/rinicompany.com\\\/de\\\/#\\\/schema\\\/logo\\\/image\\\/\",\"url\":\"https:\\\/\\\/rinicompany.com\\\/wp-content\\\/uploads\\\/2024\\\/11\\\/RINI-LOGO-2017-color-RGB-Market-424_424.jpg\",\"contentUrl\":\"https:\\\/\\\/rinicompany.com\\\/wp-content\\\/uploads\\\/2024\\\/11\\\/RINI-LOGO-2017-color-RGB-Market-424_424.jpg\",\"width\":424,\"height\":424,\"caption\":\"Rini Ergoteknik AB\"},\"image\":{\"@id\":\"https:\\\/\\\/rinicompany.com\\\/de\\\/#\\\/schema\\\/logo\\\/image\\\/\"},\"sameAs\":[\"https:\\\/\\\/www.instagram.com\\\/riniergoteknik\",\"https:\\\/\\\/www.youtube.com\\\/channel\\\/UC_BjqYAoFg9a4hBFwZ8f7WQ\"]}]}<\/script>\n<!-- \/ Yoast SEO plugin. -->","yoast_head_json":{"title":"\u00dcber uns - Rini Ergoteknik AB","description":"Wir sind ein Qualit\u00e4tsanbieter von ergonomischen medizinischen Produkten und L\u00f6sungen f\u00fcr Krankenh\u00e4user und Fachkliniken.","robots":{"index":"index","follow":"follow","max-snippet":"max-snippet:-1","max-image-preview":"max-image-preview:large","max-video-preview":"max-video-preview:-1"},"canonical":"https:\/\/rinicompany.com\/de\/about\/","og_locale":"de_DE","og_type":"article","og_title":"\u00dcber uns - Rini Ergoteknik AB","og_description":"Wir sind ein Qualit\u00e4tsanbieter von ergonomischen medizinischen Produkten und L\u00f6sungen f\u00fcr Krankenh\u00e4user und Fachkliniken.","og_url":"https:\/\/rinicompany.com\/de\/about\/","og_site_name":"Rini Ergoteknik AB","article_modified_time":"2023-07-13T13:48:19+00:00","twitter_card":"summary_large_image","twitter_misc":{"Gesch\u00e4tzte Lesezeit":"1\u00a0Minute"},"schema":{"@context":"https:\/\/schema.org","@graph":[{"@type":"WebPage","@id":"https:\/\/rinicompany.com\/de\/about\/","url":"https:\/\/rinicompany.com\/de\/about\/","name":"\u00dcber uns - Rini Ergoteknik AB","isPartOf":{"@id":"https:\/\/rinicompany.com\/de\/#website"},"datePublished":"2019-12-02T07:06:52+00:00","dateModified":"2023-07-13T13:48:19+00:00","description":"Wir sind ein Qualit\u00e4tsanbieter von ergonomischen medizinischen Produkten und L\u00f6sungen f\u00fcr Krankenh\u00e4user und Fachkliniken.","breadcrumb":{"@id":"https:\/\/rinicompany.com\/de\/about\/#breadcrumb"},"inLanguage":"de","potentialAction":[{"@type":"ReadAction","target":["https:\/\/rinicompany.com\/de\/about\/"]}]},{"@type":"BreadcrumbList","@id":"https:\/\/rinicompany.com\/de\/about\/#breadcrumb","itemListElement":[{"@type":"ListItem","position":1,"name":"Home","item":"https:\/\/rinicompany.com\/de\/"},{"@type":"ListItem","position":2,"name":"\u00dcber uns"}]},{"@type":"WebSite","@id":"https:\/\/rinicompany.com\/de\/#website","url":"https:\/\/rinicompany.com\/de\/","name":"Rini Ergoteknik AB","description":"","publisher":{"@id":"https:\/\/rinicompany.com\/de\/#organization"},"potentialAction":[{"@type":"SearchAction","target":{"@type":"EntryPoint","urlTemplate":"https:\/\/rinicompany.com\/de\/?s={search_term_string}"},"query-input":{"@type":"PropertyValueSpecification","valueRequired":true,"valueName":"search_term_string"}}],"inLanguage":"de"},{"@type":"Organization","@id":"https:\/\/rinicompany.com\/de\/#organization","name":"Rini Ergoteknik AB","alternateName":"Rini","url":"https:\/\/rinicompany.com\/de\/","logo":{"@type":"ImageObject","inLanguage":"de","@id":"https:\/\/rinicompany.com\/de\/#\/schema\/logo\/image\/","url":"https:\/\/rinicompany.com\/wp-content\/uploads\/2024\/11\/RINI-LOGO-2017-color-RGB-Market-424_424.jpg","contentUrl":"https:\/\/rinicompany.com\/wp-content\/uploads\/2024\/11\/RINI-LOGO-2017-color-RGB-Market-424_424.jpg","width":424,"height":424,"caption":"Rini Ergoteknik AB"},"image":{"@id":"https:\/\/rinicompany.com\/de\/#\/schema\/logo\/image\/"},"sameAs":["https:\/\/www.instagram.com\/riniergoteknik","https:\/\/www.youtube.com\/channel\/UC_BjqYAoFg9a4hBFwZ8f7WQ"]}]}},"_links":{"self":[{"href":"https:\/\/rinicompany.com\/de\/wp-json\/wp\/v2\/pages\/1684","targetHints":{"allow":["GET"]}}],"collection":[{"href":"https:\/\/rinicompany.com\/de\/wp-json\/wp\/v2\/pages"}],"about":[{"href":"https:\/\/rinicompany.com\/de\/wp-json\/wp\/v2\/types\/page"}],"author":[{"embeddable":true,"href":"https:\/\/rinicompany.com\/de\/wp-json\/wp\/v2\/users\/5"}],"replies":[{"embeddable":true,"href":"https:\/\/rinicompany.com\/de\/wp-json\/wp\/v2\/comments?post=1684"}],"version-history":[{"count":3,"href":"https:\/\/rinicompany.com\/de\/wp-json\/wp\/v2\/pages\/1684\/revisions"}],"predecessor-version":[{"id":6374,"href":"https:\/\/rinicompany.com\/de\/wp-json\/wp\/v2\/pages\/1684\/revisions\/6374"}],"wp:attachment":[{"href":"https:\/\/rinicompany.com\/de\/wp-json\/wp\/v2\/media?parent=1684"}],"curies":[{"name":"wp","href":"https:\/\/api.w.org\/{rel}","templated":true}]}}